{"id":2,"date":"2024-06-07T11:45:44","date_gmt":"2024-06-07T14:45:44","guid":{"rendered":"https:\/\/msei.fcejs.unsl.edu.ar\/?page_id=2"},"modified":"2024-06-25T10:59:15","modified_gmt":"2024-06-25T13:59:15","slug":"inicio","status":"publish","type":"page","link":"https:\/\/msei.fcejs.unsl.edu.ar\/","title":{"rendered":"MAESTR\u00cdA &#8220;SOCIEDAD e INSTITUCIONES&#8221;"},"content":{"rendered":"\t\t<div data-elementor-type=\"wp-page\" data-elementor-id=\"2\" class=\"elementor elementor-2\">\n\t\t\t\t<div class=\"elementor-element elementor-element-8f484f1 e-flex e-con-boxed e-con e-parent\" data-id=\"8f484f1\" data-element_type=\"container\">\n\t\t\t\t\t<div class=\"e-con-inner\">\n\t\t<div class=\"elementor-element elementor-element-3c6e5dd e-con-full elementor-hidden-tablet elementor-hidden-mobile e-flex e-con e-child\" data-id=\"3c6e5dd\" data-element_type=\"container\">\n\t\t\t\t<\/div>\n\t\t<div class=\"elementor-element elementor-element-e44592a e-con-full e-flex e-con e-child\" data-id=\"e44592a\" data-element_type=\"container\">\n\t\t\t\t<div class=\"elementor-element elementor-element-ed799d5 exad-sticky-section-no exad-glass-effect-no elementor-widget elementor-widget-text-editor\" data-id=\"ed799d5\" data-element_type=\"widget\" data-widget_type=\"text-editor.default\">\n\t\t\t\t<div class=\"elementor-widget-container\">\n\t\t\t\t\t\t\t\t\t<h3 style=\"text-align: center;\"><strong style=\"color: #000000; font-family: Arial, 'Arial Black'; text-align: -webkit-center;\">MAESTR\u00cdA &#8220;SOCIEDAD e INSTITUCIONES&#8221;<\/strong><\/h3>\n<p style=\"text-align: center;\">Acreditada por CONEAU: RESFC-2020-177-APN-CONEAU#ME<\/p>\n<p><!-- \/wp:paragraph --><!-- wp:paragraph --><\/p>\n<p style=\"padding-left: 80px;\">\u2022 Categor\u00eda B<br \/>\u2022 T\u00edtulo con Reconocimiento Oficial y Validez Nacional<\/p>\n<p style=\"text-align: center;\">Resoluci\u00f3n N\u00b0 2211\/12 &#8211; Ministerio de Cultura y Educaci\u00f3n de la Naci\u00f3n.<\/p>\t\t\t\t\t\t\t\t<\/div>\n\t\t\t\t<\/div>\n\t\t\t\t<\/div>\n\t\t<div class=\"elementor-element elementor-element-67fba77 e-con-full elementor-hidden-tablet elementor-hidden-mobile e-flex e-con e-child\" data-id=\"67fba77\" data-element_type=\"container\">\n\t\t\t\t<\/div>\n\t\t\t\t\t<\/div>\n\t\t\t\t<\/div>\n\t\t<div class=\"elementor-element elementor-element-2e3561e e-flex e-con-boxed e-con e-parent\" data-id=\"2e3561e\" data-element_type=\"container\">\n\t\t\t\t\t<div class=\"e-con-inner\">\n\t\t<div class=\"elementor-element elementor-element-5027339 e-con-full e-flex e-con e-child\" data-id=\"5027339\" data-element_type=\"container\">\n\t\t\t\t<div class=\"elementor-element elementor-element-8d4a7ed exad-sticky-section-no exad-glass-effect-no elementor-widget elementor-widget-text-editor\" data-id=\"8d4a7ed\" data-element_type=\"widget\" data-widget_type=\"text-editor.default\">\n\t\t\t\t<div class=\"elementor-widget-container\">\n\t\t\t\t\t\t\t\t\t<p style=\"text-align: center;\">La <strong>Maestr\u00eda en Sociedad e Instituciones<\/strong>, est\u00e1 destinada a graduados universitarios (docentes, investigadores y profesionales). Posee un plan de formaci\u00f3n multidisciplinario dedicado a profundizar los conocimientos y otorgar herramientas te\u00f3rico-pr\u00e1cticas para el an\u00e1lisis social en instituciones.<\/p>\t\t\t\t\t\t\t\t<\/div>\n\t\t\t\t<\/div>\n\t\t\t\t<\/div>\n\t\t\t\t\t<\/div>\n\t\t\t\t<\/div>\n\t\t<div class=\"elementor-element elementor-element-48a05ca e-flex e-con-boxed e-con e-parent\" data-id=\"48a05ca\" data-element_type=\"container\">\n\t\t\t\t\t<div class=\"e-con-inner\">\n\t\t<div class=\"elementor-element elementor-element-3f20f48 e-con-full e-flex e-con e-child\" data-id=\"3f20f48\" data-element_type=\"container\">\n\t\t\t\t<div class=\"elementor-element elementor-element-efb77fc exad-sticky-section-no exad-glass-effect-no elementor-widget elementor-widget-video\" data-id=\"efb77fc\" data-element_type=\"widget\" data-settings=\"{&quot;video_type&quot;:&quot;hosted&quot;,&quot;controls&quot;:&quot;yes&quot;}\" data-widget_type=\"video.default\">\n\t\t\t\t<div class=\"elementor-widget-container\">\n\t\t\t\t\t\t\t<div class=\"e-hosted-video elementor-wrapper elementor-open-inline\">\n\t\t\t\t\t<video class=\"elementor-video\" src=\"https:\/\/msei.fcejs.unsl.edu.ar\/wp-content\/uploads\/2024\/06\/Maestria11.mp4\" controls=\"\" preload=\"metadata\" controlsList=\"nodownload\"><\/video>\n\t\t\t\t<\/div>\n\t\t\t\t\t\t<\/div>\n\t\t\t\t<\/div>\n\t\t\t\t<\/div>\n\t\t<div class=\"elementor-element elementor-element-a251cda e-con-full e-flex e-con e-child\" data-id=\"a251cda\" data-element_type=\"container\">\n\t\t\t\t<div class=\"elementor-element elementor-element-dfd5062 exad-sticky-section-no exad-glass-effect-no elementor-widget elementor-widget-text-editor\" data-id=\"dfd5062\" data-element_type=\"widget\" data-widget_type=\"text-editor.default\">\n\t\t\t\t<div class=\"elementor-widget-container\">\n\t\t\t\t\t\t\t\t\t<p style=\"text-align: center;\"><strong>La estructura curricular de la Maestr\u00eda:<\/strong><br \/>El Plan de estudios est\u00e1 organizado en asignaturas de cursado obligatorio; seminarios intensivos, pasant\u00edas de investigaci\u00f3n; tutor\u00edas, taller de tesis y otras actividades complementarias (conferencias, talleres, etc.), siendo la modalidad de la carrera con r\u00e9gimen presencial quincenal. El t\u00edtulo de magister se otorgar\u00e1 previa aprobaci\u00f3n de la tesis.<\/p>\n<p style=\"text-align: center;\"><strong>Duraci\u00f3n de la cursada: <\/strong>dos a\u00f1os<\/p>\n<p style=\"text-align: center;\"><strong>Inscripci\u00f3n:\u00a0<\/strong>Hasta Febrero 2023<\/p>\n<p style=\"text-align: center;\"><strong>Inicio de actividades:<\/strong>\u00a0Marzo 2023<\/p>\n<p style=\"text-align: center;\"><strong>Informes:<\/strong>\u00a0<br \/>sociedadeinstituciones@gmail<span style=\"font-family: var( --e-global-typography-text-font-family ), Sans-serif; font-weight: var( --e-global-typography-text-font-weight );\">.com<\/span><\/p>\n<p style=\"padding-left: 120px;\"><!-- \/wp:paragraph --><!-- wp:paragraph --><\/p>\n<p style=\"padding-left: 120px;\"><!-- \/wp:paragraph --><!-- wp:paragraph --><\/p>\n<p><!-- \/wp:paragraph --><!-- wp:paragraph {\"align\":\"center\"} --><\/p>\t\t\t\t\t\t\t\t<\/div>\n\t\t\t\t<\/div>\n\t\t\t\t<\/div>\n\t\t\t\t\t<\/div>\n\t\t\t\t<\/div>\n\t\t\t\t<\/div>\n\t\t","protected":false},"excerpt":{"rendered":"<p>MAESTR\u00cdA &#8220;SOCIEDAD e INSTITUCIONES&#8221; Acreditada por CONEAU: RESFC-2020-177-APN-CONEAU#ME \u2022 Categor\u00eda B\u2022 T\u00edtulo con Reconocimiento Oficial y Validez Nacional Resoluci\u00f3n N\u00b0 2211\/12 &#8211; Ministerio de Cultura&hellip;<\/p>\n","protected":false},"author":1,"featured_media":0,"parent":0,"menu_order":1,"comment_status":"closed","ping_status":"closed","template":"","meta":{"om_disable_all_campaigns":false,"_monsterinsights_skip_tracking":false,"_monsterinsights_sitenote_active":false,"_monsterinsights_sitenote_note":"","_monsterinsights_sitenote_category":0,"_uf_show_specific_survey":0,"_uf_disable_surveys":false,"footnotes":""},"class_list":["post-2","page","type-page","status-publish","hentry"],"yoast_head":"<!-- This site is optimized with the Yoast SEO plugin v27.2 - https:\/\/yoast.com\/product\/yoast-seo-wordpress\/ -->\n<title>MAESTR\u00cdA &quot;SOCIEDAD e INSTITUCIONES&quot; - Maestria en Sociedad e Instituciones<\/title>\n<meta name=\"robots\" content=\"index, follow, max-snippet:-1, max-image-preview:large, max-video-preview:-1\" \/>\n<link rel=\"canonical\" href=\"https:\/\/msei.fcejs.unsl.edu.ar\/\" \/>\n<meta property=\"og:locale\" content=\"es_ES\" \/>\n<meta property=\"og:type\" content=\"article\" \/>\n<meta property=\"og:title\" content=\"MAESTR\u00cdA &quot;SOCIEDAD e INSTITUCIONES&quot; - Maestria en Sociedad e Instituciones\" \/>\n<meta property=\"og:description\" content=\"MAESTR\u00cdA &#8220;SOCIEDAD e INSTITUCIONES&#8221; Acreditada por CONEAU: RESFC-2020-177-APN-CONEAU#ME \u2022 Categor\u00eda B\u2022 T\u00edtulo con Reconocimiento Oficial y Validez Nacional Resoluci\u00f3n N\u00b0 2211\/12 &#8211; Ministerio de Cultura&hellip;\" \/>\n<meta property=\"og:url\" content=\"https:\/\/msei.fcejs.unsl.edu.ar\/\" \/>\n<meta property=\"og:site_name\" content=\"Maestria en Sociedad e Instituciones\" \/>\n<meta property=\"article:modified_time\" content=\"2024-06-25T13:59:15+00:00\" \/>\n<meta name=\"twitter:card\" content=\"summary_large_image\" \/>\n<meta name=\"twitter:label1\" content=\"Tiempo de lectura\" \/>\n\t<meta name=\"twitter:data1\" content=\"1 minuto\" \/>\n<script type=\"application\/ld+json\" class=\"yoast-schema-graph\">{\"@context\":\"https:\/\/schema.org\",\"@graph\":[{\"@type\":\"WebPage\",\"@id\":\"https:\/\/msei.fcejs.unsl.edu.ar\/\",\"url\":\"https:\/\/msei.fcejs.unsl.edu.ar\/\",\"name\":\"MAESTR\u00cdA \\\"SOCIEDAD e INSTITUCIONES\\\" - Maestria en Sociedad e Instituciones\",\"isPartOf\":{\"@id\":\"https:\/\/msei.fcejs.unsl.edu.ar\/#website\"},\"datePublished\":\"2024-06-07T14:45:44+00:00\",\"dateModified\":\"2024-06-25T13:59:15+00:00\",\"breadcrumb\":{\"@id\":\"https:\/\/msei.fcejs.unsl.edu.ar\/#breadcrumb\"},\"inLanguage\":\"es-AR\",\"potentialAction\":[{\"@type\":\"ReadAction\",\"target\":[\"https:\/\/msei.fcejs.unsl.edu.ar\/\"]}]},{\"@type\":\"BreadcrumbList\",\"@id\":\"https:\/\/msei.fcejs.unsl.edu.ar\/#breadcrumb\",\"itemListElement\":[{\"@type\":\"ListItem\",\"position\":1,\"name\":\"Inicio\",\"item\":\"https:\/\/msei.fcejs.unsl.edu.ar\/\"},{\"@type\":\"ListItem\",\"position\":2,\"name\":\"MAESTR\u00cdA &#8220;SOCIEDAD e INSTITUCIONES&#8221;\"}]},{\"@type\":\"WebSite\",\"@id\":\"https:\/\/msei.fcejs.unsl.edu.ar\/#website\",\"url\":\"https:\/\/msei.fcejs.unsl.edu.ar\/\",\"name\":\"Maestria en Sociedad e Instituciones\",\"description\":\"\",\"publisher\":{\"@id\":\"https:\/\/msei.fcejs.unsl.edu.ar\/#organization\"},\"potentialAction\":[{\"@type\":\"SearchAction\",\"target\":{\"@type\":\"EntryPoint\",\"urlTemplate\":\"https:\/\/msei.fcejs.unsl.edu.ar\/?s={search_term_string}\"},\"query-input\":{\"@type\":\"PropertyValueSpecification\",\"valueRequired\":true,\"valueName\":\"search_term_string\"}}],\"inLanguage\":\"es-AR\"},{\"@type\":\"Organization\",\"@id\":\"https:\/\/msei.fcejs.unsl.edu.ar\/#organization\",\"name\":\"Maestria en Sociedad e Instituciones\",\"url\":\"https:\/\/msei.fcejs.unsl.edu.ar\/\",\"logo\":{\"@type\":\"ImageObject\",\"inLanguage\":\"es-AR\",\"@id\":\"https:\/\/msei.fcejs.unsl.edu.ar\/#\/schema\/logo\/image\/\",\"url\":\"https:\/\/msei.fcejs.unsl.edu.ar\/wp-content\/uploads\/2024\/06\/banner11.jpg\",\"contentUrl\":\"https:\/\/msei.fcejs.unsl.edu.ar\/wp-content\/uploads\/2024\/06\/banner11.jpg\",\"width\":\"1267\",\"height\":\"303\",\"caption\":\"Maestria en Sociedad e Instituciones\"},\"image\":{\"@id\":\"https:\/\/msei.fcejs.unsl.edu.ar\/#\/schema\/logo\/image\/\"}}]}<\/script>\n<!-- \/ Yoast SEO plugin. -->","yoast_head_json":{"title":"MAESTR\u00cdA \"SOCIEDAD e INSTITUCIONES\" - Maestria en Sociedad e Instituciones","robots":{"index":"index","follow":"follow","max-snippet":"max-snippet:-1","max-image-preview":"max-image-preview:large","max-video-preview":"max-video-preview:-1"},"canonical":"https:\/\/msei.fcejs.unsl.edu.ar\/","og_locale":"es_ES","og_type":"article","og_title":"MAESTR\u00cdA \"SOCIEDAD e INSTITUCIONES\" - Maestria en Sociedad e Instituciones","og_description":"MAESTR\u00cdA &#8220;SOCIEDAD e INSTITUCIONES&#8221; Acreditada por CONEAU: RESFC-2020-177-APN-CONEAU#ME \u2022 Categor\u00eda B\u2022 T\u00edtulo con Reconocimiento Oficial y Validez Nacional Resoluci\u00f3n N\u00b0 2211\/12 &#8211; Ministerio de Cultura&hellip;","og_url":"https:\/\/msei.fcejs.unsl.edu.ar\/","og_site_name":"Maestria en Sociedad e Instituciones","article_modified_time":"2024-06-25T13:59:15+00:00","twitter_card":"summary_large_image","twitter_misc":{"Tiempo de lectura":"1 minuto"},"schema":{"@context":"https:\/\/schema.org","@graph":[{"@type":"WebPage","@id":"https:\/\/msei.fcejs.unsl.edu.ar\/","url":"https:\/\/msei.fcejs.unsl.edu.ar\/","name":"MAESTR\u00cdA \"SOCIEDAD e INSTITUCIONES\" - Maestria en Sociedad e Instituciones","isPartOf":{"@id":"https:\/\/msei.fcejs.unsl.edu.ar\/#website"},"datePublished":"2024-06-07T14:45:44+00:00","dateModified":"2024-06-25T13:59:15+00:00","breadcrumb":{"@id":"https:\/\/msei.fcejs.unsl.edu.ar\/#breadcrumb"},"inLanguage":"es-AR","potentialAction":[{"@type":"ReadAction","target":["https:\/\/msei.fcejs.unsl.edu.ar\/"]}]},{"@type":"BreadcrumbList","@id":"https:\/\/msei.fcejs.unsl.edu.ar\/#breadcrumb","itemListElement":[{"@type":"ListItem","position":1,"name":"Inicio","item":"https:\/\/msei.fcejs.unsl.edu.ar\/"},{"@type":"ListItem","position":2,"name":"MAESTR\u00cdA &#8220;SOCIEDAD e INSTITUCIONES&#8221;"}]},{"@type":"WebSite","@id":"https:\/\/msei.fcejs.unsl.edu.ar\/#website","url":"https:\/\/msei.fcejs.unsl.edu.ar\/","name":"Maestria en Sociedad e Instituciones","description":"","publisher":{"@id":"https:\/\/msei.fcejs.unsl.edu.ar\/#organization"},"potentialAction":[{"@type":"SearchAction","target":{"@type":"EntryPoint","urlTemplate":"https:\/\/msei.fcejs.unsl.edu.ar\/?s={search_term_string}"},"query-input":{"@type":"PropertyValueSpecification","valueRequired":true,"valueName":"search_term_string"}}],"inLanguage":"es-AR"},{"@type":"Organization","@id":"https:\/\/msei.fcejs.unsl.edu.ar\/#organization","name":"Maestria en Sociedad e Instituciones","url":"https:\/\/msei.fcejs.unsl.edu.ar\/","logo":{"@type":"ImageObject","inLanguage":"es-AR","@id":"https:\/\/msei.fcejs.unsl.edu.ar\/#\/schema\/logo\/image\/","url":"https:\/\/msei.fcejs.unsl.edu.ar\/wp-content\/uploads\/2024\/06\/banner11.jpg","contentUrl":"https:\/\/msei.fcejs.unsl.edu.ar\/wp-content\/uploads\/2024\/06\/banner11.jpg","width":"1267","height":"303","caption":"Maestria en Sociedad e Instituciones"},"image":{"@id":"https:\/\/msei.fcejs.unsl.edu.ar\/#\/schema\/logo\/image\/"}}]}},"_links":{"self":[{"href":"https:\/\/msei.fcejs.unsl.edu.ar\/index.php\/wp-json\/wp\/v2\/pages\/2","targetHints":{"allow":["GET"]}}],"collection":[{"href":"https:\/\/msei.fcejs.unsl.edu.ar\/index.php\/wp-json\/wp\/v2\/pages"}],"about":[{"href":"https:\/\/msei.fcejs.unsl.edu.ar\/index.php\/wp-json\/wp\/v2\/types\/page"}],"author":[{"embeddable":true,"href":"https:\/\/msei.fcejs.unsl.edu.ar\/index.php\/wp-json\/wp\/v2\/users\/1"}],"replies":[{"embeddable":true,"href":"https:\/\/msei.fcejs.unsl.edu.ar\/index.php\/wp-json\/wp\/v2\/comments?post=2"}],"version-history":[{"count":31,"href":"https:\/\/msei.fcejs.unsl.edu.ar\/index.php\/wp-json\/wp\/v2\/pages\/2\/revisions"}],"predecessor-version":[{"id":294,"href":"https:\/\/msei.fcejs.unsl.edu.ar\/index.php\/wp-json\/wp\/v2\/pages\/2\/revisions\/294"}],"wp:attachment":[{"href":"https:\/\/msei.fcejs.unsl.edu.ar\/index.php\/wp-json\/wp\/v2\/media?parent=2"}],"curies":[{"name":"wp","href":"https:\/\/api.w.org\/{rel}","templated":true}]}}